{"id":3930,"date":"2024-03-25T12:42:04","date_gmt":"2024-03-25T12:42:04","guid":{"rendered":"https:\/\/m-wise.knockloud.com\/about\/"},"modified":"2025-01-16T15:49:46","modified_gmt":"2025-01-16T15:49:46","slug":"uber","status":"publish","type":"page","link":"https:\/\/m-wise.knockloud.com\/de\/uber\/","title":{"rendered":"\u00dcber"},"content":{"rendered":"","protected":false},"excerpt":{"rendered":"","protected":false},"author":1,"featured_media":0,"parent":0,"menu_order":0,"comment_status":"closed","ping_status":"closed","template":"","meta":{"_acf_changed":false,"footnotes":""},"class_list":["post-3930","page","type-page","status-publish","hentry"],"acf":[],"yoast_head":"<!-- This site is optimized with the Yoast SEO Premium plugin v24.1 (Yoast SEO v24.1) - https:\/\/yoast.com\/wordpress\/plugins\/seo\/ -->\n<title>\u00dcber m\u2013wise | Loyalty-Experten f\u00fcr B2B und B2C<\/title>\n<meta name=\"description\" content=\"Wir sind das Team hinter m\u2013wise Loyalty Cloud, der Loyalty-L\u00f6sung f\u00fcr Next-Gen-Loyalit\u00e4tsprogramme weltweit\" \/>\n<meta name=\"robots\" content=\"noindex, follow, max-snippet:-1, max-image-preview:large, max-video-preview:-1\" \/>\n<meta property=\"og:locale\" content=\"de_DE\" \/>\n<meta property=\"og:type\" content=\"article\" \/>\n<meta property=\"og:title\" content=\"\u00dcber m\u2013wise | Loyalty-Experten f\u00fcr B2B und B2C\" \/>\n<meta property=\"og:description\" content=\"Wir sind das Team hinter m\u2013wise Loyalty Cloud, der Loyalty-L\u00f6sung f\u00fcr Next-Gen-Loyalit\u00e4tsprogramme weltweit\" \/>\n<meta property=\"og:url\" content=\"https:\/\/m-wise.knockloud.com\/de\/uber\/\" \/>\n<meta property=\"og:site_name\" content=\"m\u2013wise\" \/>\n<meta property=\"article:modified_time\" content=\"2025-01-16T15:49:46+00:00\" \/>\n<meta property=\"og:image\" content=\"https:\/\/m-wise.knockloud.com\/wp-content\/uploads\/2024\/07\/4.1-Web-About-Page.png\" \/>\n\t<meta property=\"og:image:width\" content=\"1024\" \/>\n\t<meta property=\"og:image:height\" content=\"449\" \/>\n\t<meta property=\"og:image:type\" content=\"image\/png\" \/>\n<meta name=\"twitter:card\" content=\"summary_large_image\" \/>\n<meta name=\"twitter:title\" content=\"\u00dcber\" \/>\n<meta name=\"twitter:label1\" content=\"Gesch\u00e4tzte Lesezeit\" \/>\n\t<meta name=\"twitter:data1\" content=\"4\u00a0Minuten\" \/>\n<script type=\"application\/ld+json\" class=\"yoast-schema-graph\">{\"@context\":\"https:\/\/schema.org\",\"@graph\":[{\"@type\":\"WebPage\",\"@id\":\"https:\/\/m-wise.knockloud.com\/de\/uber\/\",\"url\":\"https:\/\/m-wise.knockloud.com\/de\/uber\/\",\"name\":\"\u00dcber m\u2013wise | Loyalty-Experten f\u00fcr B2B und B2C\",\"isPartOf\":{\"@id\":\"https:\/\/m-wise.knockloud.com\/de\/#website\"},\"datePublished\":\"2024-03-25T12:42:04+00:00\",\"dateModified\":\"2025-01-16T15:49:46+00:00\",\"description\":\"Wir sind das Team hinter m\u2013wise Loyalty Cloud, der Loyalty-L\u00f6sung f\u00fcr Next-Gen-Loyalit\u00e4tsprogramme weltweit\",\"breadcrumb\":{\"@id\":\"https:\/\/m-wise.knockloud.com\/de\/uber\/#breadcrumb\"},\"inLanguage\":\"de\",\"potentialAction\":[{\"@type\":\"ReadAction\",\"target\":[\"https:\/\/m-wise.knockloud.com\/de\/uber\/\"]}]},{\"@type\":\"BreadcrumbList\",\"@id\":\"https:\/\/m-wise.knockloud.com\/de\/uber\/#breadcrumb\",\"itemListElement\":[{\"@type\":\"ListItem\",\"position\":1,\"name\":\"Home\",\"item\":\"https:\/\/m-wise.knockloud.com\/de\/\"},{\"@type\":\"ListItem\",\"position\":2,\"name\":\"\u00dcber\"}]},{\"@type\":\"WebSite\",\"@id\":\"https:\/\/m-wise.knockloud.com\/de\/#website\",\"url\":\"https:\/\/m-wise.knockloud.com\/de\/\",\"name\":\"m\u2013wise\",\"description\":\"\",\"publisher\":{\"@id\":\"https:\/\/m-wise.knockloud.com\/de\/#organization\"},\"potentialAction\":[{\"@type\":\"SearchAction\",\"target\":{\"@type\":\"EntryPoint\",\"urlTemplate\":\"https:\/\/m-wise.knockloud.com\/de\/?s={search_term_string}\"},\"query-input\":{\"@type\":\"PropertyValueSpecification\",\"valueRequired\":true,\"valueName\":\"search_term_string\"}}],\"inLanguage\":\"de\"},{\"@type\":\"Organization\",\"@id\":\"https:\/\/m-wise.knockloud.com\/de\/#organization\",\"name\":\"m\u2013wise\",\"url\":\"https:\/\/m-wise.knockloud.com\/de\/\",\"logo\":{\"@type\":\"ImageObject\",\"inLanguage\":\"de\",\"@id\":\"https:\/\/m-wise.knockloud.com\/de\/#\/schema\/logo\/image\/\",\"url\":\"https:\/\/m-wise.knockloud.com\/wp-content\/uploads\/2024\/12\/Full-logo.png\",\"contentUrl\":\"https:\/\/m-wise.knockloud.com\/wp-content\/uploads\/2024\/12\/Full-logo.png\",\"width\":990,\"height\":616,\"caption\":\"m\u2013wise\"},\"image\":{\"@id\":\"https:\/\/m-wise.knockloud.com\/de\/#\/schema\/logo\/image\/\"},\"sameAs\":[\"https:\/\/www.linkedin.com\/company\/m-wise\/\"]}]}<\/script>\n<!-- \/ Yoast SEO Premium plugin. -->","yoast_head_json":{"title":"\u00dcber m\u2013wise | Loyalty-Experten f\u00fcr B2B und B2C","description":"Wir sind das Team hinter m\u2013wise Loyalty Cloud, der Loyalty-L\u00f6sung f\u00fcr Next-Gen-Loyalit\u00e4tsprogramme weltweit","robots":{"index":"noindex","follow":"follow","max-snippet":"max-snippet:-1","max-image-preview":"max-image-preview:large","max-video-preview":"max-video-preview:-1"},"og_locale":"de_DE","og_type":"article","og_title":"\u00dcber m\u2013wise | Loyalty-Experten f\u00fcr B2B und B2C","og_description":"Wir sind das Team hinter m\u2013wise Loyalty Cloud, der Loyalty-L\u00f6sung f\u00fcr Next-Gen-Loyalit\u00e4tsprogramme weltweit","og_url":"https:\/\/m-wise.knockloud.com\/de\/uber\/","og_site_name":"m\u2013wise","article_modified_time":"2025-01-16T15:49:46+00:00","og_image":[{"width":1024,"height":449,"url":"https:\/\/m-wise.knockloud.com\/wp-content\/uploads\/2024\/07\/4.1-Web-About-Page.png","type":"image\/png"}],"twitter_card":"summary_large_image","twitter_title":"\u00dcber","twitter_misc":{"Gesch\u00e4tzte Lesezeit":"4\u00a0Minuten"},"schema":{"@context":"https:\/\/schema.org","@graph":[{"@type":"WebPage","@id":"https:\/\/m-wise.knockloud.com\/de\/uber\/","url":"https:\/\/m-wise.knockloud.com\/de\/uber\/","name":"\u00dcber m\u2013wise | Loyalty-Experten f\u00fcr B2B und B2C","isPartOf":{"@id":"https:\/\/m-wise.knockloud.com\/de\/#website"},"datePublished":"2024-03-25T12:42:04+00:00","dateModified":"2025-01-16T15:49:46+00:00","description":"Wir sind das Team hinter m\u2013wise Loyalty Cloud, der Loyalty-L\u00f6sung f\u00fcr Next-Gen-Loyalit\u00e4tsprogramme weltweit","breadcrumb":{"@id":"https:\/\/m-wise.knockloud.com\/de\/uber\/#breadcrumb"},"inLanguage":"de","potentialAction":[{"@type":"ReadAction","target":["https:\/\/m-wise.knockloud.com\/de\/uber\/"]}]},{"@type":"BreadcrumbList","@id":"https:\/\/m-wise.knockloud.com\/de\/uber\/#breadcrumb","itemListElement":[{"@type":"ListItem","position":1,"name":"Home","item":"https:\/\/m-wise.knockloud.com\/de\/"},{"@type":"ListItem","position":2,"name":"\u00dcber"}]},{"@type":"WebSite","@id":"https:\/\/m-wise.knockloud.com\/de\/#website","url":"https:\/\/m-wise.knockloud.com\/de\/","name":"m\u2013wise","description":"","publisher":{"@id":"https:\/\/m-wise.knockloud.com\/de\/#organization"},"potentialAction":[{"@type":"SearchAction","target":{"@type":"EntryPoint","urlTemplate":"https:\/\/m-wise.knockloud.com\/de\/?s={search_term_string}"},"query-input":{"@type":"PropertyValueSpecification","valueRequired":true,"valueName":"search_term_string"}}],"inLanguage":"de"},{"@type":"Organization","@id":"https:\/\/m-wise.knockloud.com\/de\/#organization","name":"m\u2013wise","url":"https:\/\/m-wise.knockloud.com\/de\/","logo":{"@type":"ImageObject","inLanguage":"de","@id":"https:\/\/m-wise.knockloud.com\/de\/#\/schema\/logo\/image\/","url":"https:\/\/m-wise.knockloud.com\/wp-content\/uploads\/2024\/12\/Full-logo.png","contentUrl":"https:\/\/m-wise.knockloud.com\/wp-content\/uploads\/2024\/12\/Full-logo.png","width":990,"height":616,"caption":"m\u2013wise"},"image":{"@id":"https:\/\/m-wise.knockloud.com\/de\/#\/schema\/logo\/image\/"},"sameAs":["https:\/\/www.linkedin.com\/company\/m-wise\/"]}]}},"_links":{"self":[{"href":"https:\/\/m-wise.knockloud.com\/de\/wp-json\/wp\/v2\/pages\/3930","targetHints":{"allow":["GET"]}}],"collection":[{"href":"https:\/\/m-wise.knockloud.com\/de\/wp-json\/wp\/v2\/pages"}],"about":[{"href":"https:\/\/m-wise.knockloud.com\/de\/wp-json\/wp\/v2\/types\/page"}],"author":[{"embeddable":true,"href":"https:\/\/m-wise.knockloud.com\/de\/wp-json\/wp\/v2\/users\/1"}],"replies":[{"embeddable":true,"href":"https:\/\/m-wise.knockloud.com\/de\/wp-json\/wp\/v2\/comments?post=3930"}],"version-history":[{"count":5,"href":"https:\/\/m-wise.knockloud.com\/de\/wp-json\/wp\/v2\/pages\/3930\/revisions"}],"predecessor-version":[{"id":5504,"href":"https:\/\/m-wise.knockloud.com\/de\/wp-json\/wp\/v2\/pages\/3930\/revisions\/5504"}],"wp:attachment":[{"href":"https:\/\/m-wise.knockloud.com\/de\/wp-json\/wp\/v2\/media?parent=3930"}],"curies":[{"name":"wp","href":"https:\/\/api.w.org\/{rel}","templated":true}]}}